{"id":507,"date":"2024-10-14T09:29:04","date_gmt":"2024-10-14T09:29:04","guid":{"rendered":"https:\/\/holme.estera.ee\/?page_id=507"},"modified":"2025-07-10T10:49:19","modified_gmt":"2025-07-10T10:49:19","slug":"homepage","status":"publish","type":"page","link":"https:\/\/holme.estera.ee\/en","title":{"rendered":"Homepage"},"content":{"rendered":"","protected":false},"excerpt":{"rendered":"","protected":false},"author":1,"featured_media":0,"parent":0,"menu_order":0,"comment_status":"closed","ping_status":"closed","template":"","meta":{"_acf_changed":false,"footnotes":""},"class_list":["post-507","page","type-page","status-publish","hentry"],"acf":[],"yoast_head":"<!-- This site is optimized with the Yoast SEO plugin v27.5 - https:\/\/yoast.com\/product\/yoast-seo-wordpress\/ -->\n<title>Homepage - Holme | Estera<\/title>\n<meta name=\"description\" content=\"Jauns un moderns dinamisk\u0101s pils\u0113tas dz\u012bves un dabas sniegt\u0101 miera ieskauts dz\u012bvojamais kvart\u0101ls pa\u0161\u0101 R\u012bgas centr\u0101, starp T\u0113rbatas un Kri\u0161j\u0101\u0146a Barona ielu.\" \/>\n<meta name=\"robots\" content=\"noindex, follow, max-snippet:-1, max-image-preview:large, max-video-preview:-1\" \/>\n<meta property=\"og:locale\" content=\"en_US\" \/>\n<meta property=\"og:type\" content=\"article\" \/>\n<meta property=\"og:title\" content=\"Homepage - Holme | Estera\" \/>\n<meta property=\"og:description\" content=\"Jauns un moderns dinamisk\u0101s pils\u0113tas dz\u012bves un dabas sniegt\u0101 miera ieskauts dz\u012bvojamais kvart\u0101ls pa\u0161\u0101 R\u012bgas centr\u0101, starp T\u0113rbatas un Kri\u0161j\u0101\u0146a Barona ielu.\" \/>\n<meta property=\"og:url\" content=\"https:\/\/holme.estera.ee\/en\" \/>\n<meta property=\"og:site_name\" content=\"Holme | Estera\" \/>\n<meta property=\"article:modified_time\" content=\"2025-07-10T10:49:19+00:00\" \/>\n<meta name=\"twitter:card\" content=\"summary_large_image\" \/>\n<script type=\"application\/ld+json\" class=\"yoast-schema-graph\">{\"@context\":\"https:\\\/\\\/schema.org\",\"@graph\":[{\"@type\":\"WebPage\",\"@id\":\"https:\\\/\\\/holme.estera.ee\\\/en\",\"url\":\"https:\\\/\\\/holme.estera.ee\\\/en\",\"name\":\"Homepage - Holme | Estera\",\"isPartOf\":{\"@id\":\"https:\\\/\\\/holme.estera.ee\\\/#website\"},\"datePublished\":\"2024-10-14T09:29:04+00:00\",\"dateModified\":\"2025-07-10T10:49:19+00:00\",\"description\":\"Jauns un moderns dinamisk\u0101s pils\u0113tas dz\u012bves un dabas sniegt\u0101 miera ieskauts dz\u012bvojamais kvart\u0101ls pa\u0161\u0101 R\u012bgas centr\u0101, starp T\u0113rbatas un Kri\u0161j\u0101\u0146a Barona ielu.\",\"breadcrumb\":{\"@id\":\"https:\\\/\\\/holme.estera.ee\\\/en#breadcrumb\"},\"inLanguage\":\"en-US\",\"potentialAction\":[{\"@type\":\"ReadAction\",\"target\":[\"https:\\\/\\\/holme.estera.ee\\\/en\"]}]},{\"@type\":\"BreadcrumbList\",\"@id\":\"https:\\\/\\\/holme.estera.ee\\\/en#breadcrumb\",\"itemListElement\":[{\"@type\":\"ListItem\",\"position\":1,\"name\":\"Home\",\"item\":\"https:\\\/\\\/holme.estera.ee\\\/en\"},{\"@type\":\"ListItem\",\"position\":2,\"name\":\"Homepage\"}]},{\"@type\":\"WebSite\",\"@id\":\"https:\\\/\\\/holme.estera.ee\\\/#website\",\"url\":\"https:\\\/\\\/holme.estera.ee\\\/\",\"name\":\"Holme | Estera\",\"description\":\"\",\"potentialAction\":[{\"@type\":\"SearchAction\",\"target\":{\"@type\":\"EntryPoint\",\"urlTemplate\":\"https:\\\/\\\/holme.estera.ee\\\/?s={search_term_string}\"},\"query-input\":{\"@type\":\"PropertyValueSpecification\",\"valueRequired\":true,\"valueName\":\"search_term_string\"}}],\"inLanguage\":\"en-US\"}]}<\/script>\n<!-- \/ Yoast SEO plugin. -->","yoast_head_json":{"title":"Homepage - Holme | Estera","description":"Jauns un moderns dinamisk\u0101s pils\u0113tas dz\u012bves un dabas sniegt\u0101 miera ieskauts dz\u012bvojamais kvart\u0101ls pa\u0161\u0101 R\u012bgas centr\u0101, starp T\u0113rbatas un Kri\u0161j\u0101\u0146a Barona ielu.","robots":{"index":"noindex","follow":"follow","max-snippet":"max-snippet:-1","max-image-preview":"max-image-preview:large","max-video-preview":"max-video-preview:-1"},"og_locale":"en_US","og_type":"article","og_title":"Homepage - Holme | Estera","og_description":"Jauns un moderns dinamisk\u0101s pils\u0113tas dz\u012bves un dabas sniegt\u0101 miera ieskauts dz\u012bvojamais kvart\u0101ls pa\u0161\u0101 R\u012bgas centr\u0101, starp T\u0113rbatas un Kri\u0161j\u0101\u0146a Barona ielu.","og_url":"https:\/\/holme.estera.ee\/en","og_site_name":"Holme | Estera","article_modified_time":"2025-07-10T10:49:19+00:00","twitter_card":"summary_large_image","schema":{"@context":"https:\/\/schema.org","@graph":[{"@type":"WebPage","@id":"https:\/\/holme.estera.ee\/en","url":"https:\/\/holme.estera.ee\/en","name":"Homepage - Holme | Estera","isPartOf":{"@id":"https:\/\/holme.estera.ee\/#website"},"datePublished":"2024-10-14T09:29:04+00:00","dateModified":"2025-07-10T10:49:19+00:00","description":"Jauns un moderns dinamisk\u0101s pils\u0113tas dz\u012bves un dabas sniegt\u0101 miera ieskauts dz\u012bvojamais kvart\u0101ls pa\u0161\u0101 R\u012bgas centr\u0101, starp T\u0113rbatas un Kri\u0161j\u0101\u0146a Barona ielu.","breadcrumb":{"@id":"https:\/\/holme.estera.ee\/en#breadcrumb"},"inLanguage":"en-US","potentialAction":[{"@type":"ReadAction","target":["https:\/\/holme.estera.ee\/en"]}]},{"@type":"BreadcrumbList","@id":"https:\/\/holme.estera.ee\/en#breadcrumb","itemListElement":[{"@type":"ListItem","position":1,"name":"Home","item":"https:\/\/holme.estera.ee\/en"},{"@type":"ListItem","position":2,"name":"Homepage"}]},{"@type":"WebSite","@id":"https:\/\/holme.estera.ee\/#website","url":"https:\/\/holme.estera.ee\/","name":"Holme | Estera","description":"","potentialAction":[{"@type":"SearchAction","target":{"@type":"EntryPoint","urlTemplate":"https:\/\/holme.estera.ee\/?s={search_term_string}"},"query-input":{"@type":"PropertyValueSpecification","valueRequired":true,"valueName":"search_term_string"}}],"inLanguage":"en-US"}]}},"_links":{"self":[{"href":"https:\/\/holme.estera.ee\/en\/index.php?rest_route=\/wp\/v2\/pages\/507","targetHints":{"allow":["GET"]}}],"collection":[{"href":"https:\/\/holme.estera.ee\/en\/index.php?rest_route=\/wp\/v2\/pages"}],"about":[{"href":"https:\/\/holme.estera.ee\/en\/index.php?rest_route=\/wp\/v2\/types\/page"}],"author":[{"embeddable":true,"href":"https:\/\/holme.estera.ee\/en\/index.php?rest_route=\/wp\/v2\/users\/1"}],"replies":[{"embeddable":true,"href":"https:\/\/holme.estera.ee\/en\/index.php?rest_route=%2Fwp%2Fv2%2Fcomments&post=507"}],"version-history":[{"count":6,"href":"https:\/\/holme.estera.ee\/en\/index.php?rest_route=\/wp\/v2\/pages\/507\/revisions"}],"predecessor-version":[{"id":516,"href":"https:\/\/holme.estera.ee\/en\/index.php?rest_route=\/wp\/v2\/pages\/507\/revisions\/516"}],"wp:attachment":[{"href":"https:\/\/holme.estera.ee\/en\/index.php?rest_route=%2Fwp%2Fv2%2Fmedia&parent=507"}],"curies":[{"name":"wp","href":"https:\/\/api.w.org\/{rel}","templated":true}]}}